{"id":16948,"date":"2026-04-17T09:08:39","date_gmt":"2026-04-17T09:08:39","guid":{"rendered":"https:\/\/www.ampo.com\/?page_id=16948"},"modified":"2026-04-17T10:15:28","modified_gmt":"2026-04-17T10:15:28","slug":"que-es-el-sistema-interno-de-informacion","status":"publish","type":"page","link":"https:\/\/www.ampo.com\/es\/sistema-interno-de-informacion\/que-es-el-sistema-interno-de-informacion\/","title":{"rendered":"\u00bfQu\u00e9 es el Sistema Interno de Informaci\u00f3n?"},"content":{"rendered":"<p><span style=\"font-weight: 400;\">El Sistema Interno de Informaci\u00f3n (SII) es el sistema que ha implementado AMPO S.Coop. para recibir y gestionar informaci\u00f3n sobre posibles irregularidades, garantizando la protecci\u00f3n contra represalias para las personas informantes siempre que la comunicaci\u00f3n est\u00e9 dentro del marco legal establecido.<\/span><\/p>\n<p><span style=\"font-weight: 400;\">La norma de referencia es la Directiva Whistleblowing (<\/span><a class=\"link\" href=\"http:\/\/data.europa.eu\/eli\/dir\/2019\/1937\/2023-05-02\"><span style=\"font-weight: 400;\">Directiva europea 1937\/2019<\/span><\/a><span style=\"font-weight: 400;\">) cuya trasposici\u00f3n a la legislaci\u00f3n espa\u00f1ola es <\/span><i><span style=\"font-weight: 400;\">la <\/span><\/i><a class=\"link\" href=\"https:\/\/www.boe.es\/eli\/es\/l\/2023\/02\/20\/2\/con\"><i><span style=\"font-weight: 400;\">Ley 2\/2023 reguladora de la protecci\u00f3n de las personas que informen sobre infracciones normativas y de lucha contra la corrupci\u00f3n<\/span><\/i><\/a><\/p>\n<p><span style=\"font-weight: 400;\">A trav\u00e9s de los canales internos habilitados, cualquier persona, relacionada laboral o profesionalmente con nuestra organizaci\u00f3n, podr\u00e1 <\/span><span style=\"font-weight: 400;\">comunicarnos posibles infracciones penales, administrativas (graves o muy graves), o del derecho de la Uni\u00f3n Europea, as\u00ed como incumplimientos de nuestro c\u00f3digo \u00e9tico, con plenas g<\/span><span style=\"font-weight: 400;\">arant\u00edas de seguridad y confidencialidad y sin que se pueda sufrir ninguna represalia por ello, siempre que haya actuado de buena fe.<\/span><\/p>\n<p><span style=\"font-weight: 400;\">El SII se encuadra dentro de nuestro Sistema de Compliance y est\u00e1 compuesto por los siguientes elementos:<\/span><\/p>\n<ul>\n<li style=\"font-weight: 400;\" aria-level=\"1\"><b>Pol\u00edtica<\/b><span style=\"font-weight: 400;\"> o principios fundamentales del Sistema Interno de Informaci\u00f3n<\/span><\/li>\n<li style=\"font-weight: 400;\" aria-level=\"1\"><b>Un \u00f3rgano responsable del sistema<\/b><span style=\"font-weight: 400;\">, espec\u00edfico e independiente, legalmente designado por el Consejo Rector y que ha nombrado a una persona f\u00edsica encargada de la recepci\u00f3n y tramitaci\u00f3n de informaciones.<\/span><\/li>\n<li style=\"font-weight: 400;\" aria-level=\"1\"><span style=\"font-weight: 400;\">Unos <\/span><b>canales internos de recepci\u00f3n de comunicaciones<\/b><span style=\"font-weight: 400;\">, dise\u00f1ados y habilitados para cumplir con los requisitos legales de seguridad y confidencialidad.<\/span><\/li>\n<li style=\"font-weight: 400;\" aria-level=\"1\"><span style=\"font-weight: 400;\">Un <\/span><b>procedimiento de gesti\u00f3n de las comunicaciones<\/b><span style=\"font-weight: 400;\">, de obligatorio cumplimiento, que garantiza los requisitos de protecci\u00f3n, confidencialidad, objetividad y eficacia del proceso de recepci\u00f3n, tramitaci\u00f3n y resoluci\u00f3n de comunicaciones recibidas.<\/span><\/li>\n<li style=\"font-weight: 400;\" aria-level=\"1\"><span style=\"font-weight: 400;\">y una <\/span><b>plataforma inform\u00e1tica<\/b><span style=\"font-weight: 400;\"> que permite tanto el reporte de casos como la gesti\u00f3n interna de la tramitaci\u00f3n. Esto lo hacemos de un modo seguro y con acceso a los datos restringido exclusivamente a las personas legalmente facultadas para ello, disponiendo de un <\/span><b><i>\u00e1rea privada web<\/i><\/b><span style=\"font-weight: 400;\"> para el seguimiento e intercambio bidireccional de informaci\u00f3n y documentaci\u00f3n del caso con la persona informante.<\/span><\/li>\n<\/ul>\n<p><span style=\"font-weight: 400;\">El resto de sociedades del Grupo AMPO, no afectadas por la directiva Whistleblowing, mantienen los canales \u00e9ticos previstos al efecto en nuestro sistema corporativo de compliance.<\/span><\/p>\n","protected":false},"excerpt":{"rendered":"<p>El Sistema Interno de Informaci\u00f3n (SII) es el sistema que ha implementado AMPO S.Coop. para recibir y gestionar informaci\u00f3n sobre posibles irregularidades, garantizando la protecci\u00f3n contra represalias para las personas informantes siempre que la comunicaci\u00f3n est\u00e9 dentro del marco legal establecido. La norma de referencia es la Directiva Whistleblowing (Directiva europea 1937\/2019) cuya trasposici\u00f3n a [&hellip;]<\/p>\n","protected":false},"author":1,"featured_media":0,"parent":15918,"menu_order":0,"comment_status":"closed","ping_status":"closed","template":"","meta":{"_acf_changed":false,"inline_featured_image":false,"footnotes":""},"class_list":["post-16948","page","type-page","status-publish","hentry"],"acf":[],"yoast_head":"<!-- This site is optimized with the Yoast SEO plugin v26.0 - https:\/\/yoast.com\/wordpress\/plugins\/seo\/ -->\n<title>\u00bfQu\u00e9 es el Sistema Interno de Informaci\u00f3n? - Ampo<\/title>\n<meta name=\"robots\" content=\"index, follow, max-snippet:-1, max-image-preview:large, max-video-preview:-1\" \/>\n<link rel=\"canonical\" href=\"https:\/\/www.ampo.com\/es\/sistema-interno-de-informacion\/que-es-el-sistema-interno-de-informacion\/\" \/>\n<meta property=\"og:locale\" content=\"es_ES\" \/>\n<meta property=\"og:type\" content=\"article\" \/>\n<meta property=\"og:title\" content=\"\u00bfQu\u00e9 es el Sistema Interno de Informaci\u00f3n? - Ampo\" \/>\n<meta property=\"og:description\" content=\"El Sistema Interno de Informaci\u00f3n (SII) es el sistema que ha implementado AMPO S.Coop. para recibir y gestionar informaci\u00f3n sobre posibles irregularidades, garantizando la protecci\u00f3n contra represalias para las personas informantes siempre que la comunicaci\u00f3n est\u00e9 dentro del marco legal establecido. La norma de referencia es la Directiva Whistleblowing (Directiva europea 1937\/2019) cuya trasposici\u00f3n a [&hellip;]\" \/>\n<meta property=\"og:url\" content=\"https:\/\/www.ampo.com\/es\/sistema-interno-de-informacion\/que-es-el-sistema-interno-de-informacion\/\" \/>\n<meta property=\"og:site_name\" content=\"Ampo\" \/>\n<meta property=\"article:modified_time\" content=\"2026-04-17T10:15:28+00:00\" \/>\n<meta name=\"twitter:card\" content=\"summary_large_image\" \/>\n<meta name=\"twitter:label1\" content=\"Tiempo de lectura\" \/>\n\t<meta name=\"twitter:data1\" content=\"2 minutos\" \/>\n<script type=\"application\/ld+json\" class=\"yoast-schema-graph\">{\"@context\":\"https:\/\/schema.org\",\"@graph\":[{\"@type\":\"WebPage\",\"@id\":\"https:\/\/www.ampo.com\/es\/sistema-interno-de-informacion\/que-es-el-sistema-interno-de-informacion\/\",\"url\":\"https:\/\/www.ampo.com\/es\/sistema-interno-de-informacion\/que-es-el-sistema-interno-de-informacion\/\",\"name\":\"\u00bfQu\u00e9 es el Sistema Interno de Informaci\u00f3n? - Ampo\",\"isPartOf\":{\"@id\":\"https:\/\/www.ampo.com\/#website\"},\"datePublished\":\"2026-04-17T09:08:39+00:00\",\"dateModified\":\"2026-04-17T10:15:28+00:00\",\"breadcrumb\":{\"@id\":\"https:\/\/www.ampo.com\/es\/sistema-interno-de-informacion\/que-es-el-sistema-interno-de-informacion\/#breadcrumb\"},\"inLanguage\":\"es\",\"potentialAction\":[{\"@type\":\"ReadAction\",\"target\":[\"https:\/\/www.ampo.com\/es\/sistema-interno-de-informacion\/que-es-el-sistema-interno-de-informacion\/\"]}]},{\"@type\":\"BreadcrumbList\",\"@id\":\"https:\/\/www.ampo.com\/es\/sistema-interno-de-informacion\/que-es-el-sistema-interno-de-informacion\/#breadcrumb\",\"itemListElement\":[{\"@type\":\"ListItem\",\"position\":1,\"name\":\"Portada\",\"item\":\"https:\/\/www.ampo.com\/es\/\"},{\"@type\":\"ListItem\",\"position\":2,\"name\":\"Sistema Interno de Informaci\u00f3n\",\"item\":\"https:\/\/www.ampo.com\/es\/sistema-interno-de-informacion\/\"},{\"@type\":\"ListItem\",\"position\":3,\"name\":\"\u00bfQu\u00e9 es el Sistema Interno de Informaci\u00f3n?\"}]},{\"@type\":\"WebSite\",\"@id\":\"https:\/\/www.ampo.com\/#website\",\"url\":\"https:\/\/www.ampo.com\/\",\"name\":\"Ampo\",\"description\":\"\",\"publisher\":{\"@id\":\"https:\/\/www.ampo.com\/#organization\"},\"potentialAction\":[{\"@type\":\"SearchAction\",\"target\":{\"@type\":\"EntryPoint\",\"urlTemplate\":\"https:\/\/www.ampo.com\/?s={search_term_string}\"},\"query-input\":{\"@type\":\"PropertyValueSpecification\",\"valueRequired\":true,\"valueName\":\"search_term_string\"}}],\"inLanguage\":\"es\"},{\"@type\":\"Organization\",\"@id\":\"https:\/\/www.ampo.com\/#organization\",\"name\":\"Ampo\",\"url\":\"https:\/\/www.ampo.com\/\",\"logo\":{\"@type\":\"ImageObject\",\"inLanguage\":\"es\",\"@id\":\"https:\/\/www.ampo.com\/#\/schema\/logo\/image\/\",\"url\":\"https:\/\/www.ampo.com\/wp-content\/uploads\/2023\/07\/ampo-logo.png\",\"contentUrl\":\"https:\/\/www.ampo.com\/wp-content\/uploads\/2023\/07\/ampo-logo.png\",\"width\":642,\"height\":211,\"caption\":\"Ampo\"},\"image\":{\"@id\":\"https:\/\/www.ampo.com\/#\/schema\/logo\/image\/\"}}]}<\/script>\n<!-- \/ Yoast SEO plugin. -->","yoast_head_json":{"title":"\u00bfQu\u00e9 es el Sistema Interno de Informaci\u00f3n? - Ampo","robots":{"index":"index","follow":"follow","max-snippet":"max-snippet:-1","max-image-preview":"max-image-preview:large","max-video-preview":"max-video-preview:-1"},"canonical":"https:\/\/www.ampo.com\/es\/sistema-interno-de-informacion\/que-es-el-sistema-interno-de-informacion\/","og_locale":"es_ES","og_type":"article","og_title":"\u00bfQu\u00e9 es el Sistema Interno de Informaci\u00f3n? - Ampo","og_description":"El Sistema Interno de Informaci\u00f3n (SII) es el sistema que ha implementado AMPO S.Coop. para recibir y gestionar informaci\u00f3n sobre posibles irregularidades, garantizando la protecci\u00f3n contra represalias para las personas informantes siempre que la comunicaci\u00f3n est\u00e9 dentro del marco legal establecido. La norma de referencia es la Directiva Whistleblowing (Directiva europea 1937\/2019) cuya trasposici\u00f3n a [&hellip;]","og_url":"https:\/\/www.ampo.com\/es\/sistema-interno-de-informacion\/que-es-el-sistema-interno-de-informacion\/","og_site_name":"Ampo","article_modified_time":"2026-04-17T10:15:28+00:00","twitter_card":"summary_large_image","twitter_misc":{"Tiempo de lectura":"2 minutos"},"schema":{"@context":"https:\/\/schema.org","@graph":[{"@type":"WebPage","@id":"https:\/\/www.ampo.com\/es\/sistema-interno-de-informacion\/que-es-el-sistema-interno-de-informacion\/","url":"https:\/\/www.ampo.com\/es\/sistema-interno-de-informacion\/que-es-el-sistema-interno-de-informacion\/","name":"\u00bfQu\u00e9 es el Sistema Interno de Informaci\u00f3n? - Ampo","isPartOf":{"@id":"https:\/\/www.ampo.com\/#website"},"datePublished":"2026-04-17T09:08:39+00:00","dateModified":"2026-04-17T10:15:28+00:00","breadcrumb":{"@id":"https:\/\/www.ampo.com\/es\/sistema-interno-de-informacion\/que-es-el-sistema-interno-de-informacion\/#breadcrumb"},"inLanguage":"es","potentialAction":[{"@type":"ReadAction","target":["https:\/\/www.ampo.com\/es\/sistema-interno-de-informacion\/que-es-el-sistema-interno-de-informacion\/"]}]},{"@type":"BreadcrumbList","@id":"https:\/\/www.ampo.com\/es\/sistema-interno-de-informacion\/que-es-el-sistema-interno-de-informacion\/#breadcrumb","itemListElement":[{"@type":"ListItem","position":1,"name":"Portada","item":"https:\/\/www.ampo.com\/es\/"},{"@type":"ListItem","position":2,"name":"Sistema Interno de Informaci\u00f3n","item":"https:\/\/www.ampo.com\/es\/sistema-interno-de-informacion\/"},{"@type":"ListItem","position":3,"name":"\u00bfQu\u00e9 es el Sistema Interno de Informaci\u00f3n?"}]},{"@type":"WebSite","@id":"https:\/\/www.ampo.com\/#website","url":"https:\/\/www.ampo.com\/","name":"Ampo","description":"","publisher":{"@id":"https:\/\/www.ampo.com\/#organization"},"potentialAction":[{"@type":"SearchAction","target":{"@type":"EntryPoint","urlTemplate":"https:\/\/www.ampo.com\/?s={search_term_string}"},"query-input":{"@type":"PropertyValueSpecification","valueRequired":true,"valueName":"search_term_string"}}],"inLanguage":"es"},{"@type":"Organization","@id":"https:\/\/www.ampo.com\/#organization","name":"Ampo","url":"https:\/\/www.ampo.com\/","logo":{"@type":"ImageObject","inLanguage":"es","@id":"https:\/\/www.ampo.com\/#\/schema\/logo\/image\/","url":"https:\/\/www.ampo.com\/wp-content\/uploads\/2023\/07\/ampo-logo.png","contentUrl":"https:\/\/www.ampo.com\/wp-content\/uploads\/2023\/07\/ampo-logo.png","width":642,"height":211,"caption":"Ampo"},"image":{"@id":"https:\/\/www.ampo.com\/#\/schema\/logo\/image\/"}}]}},"_links":{"self":[{"href":"https:\/\/www.ampo.com\/es\/wp-json\/wp\/v2\/pages\/16948","targetHints":{"allow":["GET"]}}],"collection":[{"href":"https:\/\/www.ampo.com\/es\/wp-json\/wp\/v2\/pages"}],"about":[{"href":"https:\/\/www.ampo.com\/es\/wp-json\/wp\/v2\/types\/page"}],"author":[{"embeddable":true,"href":"https:\/\/www.ampo.com\/es\/wp-json\/wp\/v2\/users\/1"}],"replies":[{"embeddable":true,"href":"https:\/\/www.ampo.com\/es\/wp-json\/wp\/v2\/comments?post=16948"}],"version-history":[{"count":6,"href":"https:\/\/www.ampo.com\/es\/wp-json\/wp\/v2\/pages\/16948\/revisions"}],"predecessor-version":[{"id":16977,"href":"https:\/\/www.ampo.com\/es\/wp-json\/wp\/v2\/pages\/16948\/revisions\/16977"}],"up":[{"embeddable":true,"href":"https:\/\/www.ampo.com\/es\/wp-json\/wp\/v2\/pages\/15918"}],"wp:attachment":[{"href":"https:\/\/www.ampo.com\/es\/wp-json\/wp\/v2\/media?parent=16948"}],"curies":[{"name":"wp","href":"https:\/\/api.w.org\/{rel}","templated":true}]}}