{"id":15918,"date":"2024-05-14T08:31:23","date_gmt":"2024-05-14T08:31:23","guid":{"rendered":"https:\/\/www.ampo.com\/?page_id=15918"},"modified":"2026-04-17T10:12:49","modified_gmt":"2026-04-17T10:12:49","slug":"sistema-interno-de-informacion","status":"publish","type":"page","link":"https:\/\/www.ampo.com\/es\/sistema-interno-de-informacion\/","title":{"rendered":"Sistema Interno de Informaci\u00f3n"},"content":{"rendered":"<p><strong>\u00bfQu\u00e9 es el Sistema Interno de Informaci\u00f3n?<\/strong><br \/>\nEs el sistema implantado por AMPO S.Coop. para recibir y gestionar posibles casos de comportamientos irregulares y no deseados.<\/p>\n<p><a href=\"https:\/\/www.ampo.com\/es\/sistema-interno-de-informacion\/que-es-el-sistema-interno-de-informacion\/\">Saber m\u00e1s<\/a><\/p>\n<p><strong>\u00bfC\u00f3mo informar?<\/strong><br \/>\nDisponemos de una plataforma web segura donde podr\u00e1 reportar su informaci\u00f3n de forma sencilla y confidencial y tambi\u00e9n, si lo desea, disponer de un \u00e1rea privada para el seguimiento del caso reportado y para la comunicaci\u00f3n con la persona gestora.<\/p>\n<p><a href=\"https:\/\/www.ampo.com\/es\/sistema-interno-de-informacion\/como-informar\/\">Saber m\u00e1s<\/a><\/p>\n<p style=\"text-align: center;\"><a href=\"https:\/\/whistleblowersoftware.com\/secure\/AMPO\" target=\"_blank\" rel=\"noopener\">Canal interno de comunicaci\u00f3n<\/a><\/p>\n","protected":false},"excerpt":{"rendered":"<p>\u00bfQu\u00e9 es el Sistema Interno de Informaci\u00f3n? Es el sistema implantado por AMPO S.Coop. para recibir y gestionar posibles casos de comportamientos irregulares y no deseados. Saber m\u00e1s \u00bfC\u00f3mo informar? Disponemos de una plataforma web segura donde podr\u00e1 reportar su informaci\u00f3n de forma sencilla y confidencial y tambi\u00e9n, si lo desea, disponer de un \u00e1rea [&hellip;]<\/p>\n","protected":false},"author":1,"featured_media":0,"parent":0,"menu_order":0,"comment_status":"closed","ping_status":"closed","template":"","meta":{"_acf_changed":false,"inline_featured_image":false,"footnotes":""},"class_list":["post-15918","page","type-page","status-publish","hentry"],"acf":[],"yoast_head":"<!-- This site is optimized with the Yoast SEO plugin v26.0 - https:\/\/yoast.com\/wordpress\/plugins\/seo\/ -->\n<title>Sistema Interno de Informaci\u00f3n - Ampo<\/title>\n<meta name=\"robots\" content=\"index, follow, max-snippet:-1, max-image-preview:large, max-video-preview:-1\" \/>\n<link rel=\"canonical\" href=\"https:\/\/www.ampo.com\/es\/sistema-interno-de-informacion\/\" \/>\n<meta property=\"og:locale\" content=\"es_ES\" \/>\n<meta property=\"og:type\" content=\"article\" \/>\n<meta property=\"og:title\" content=\"Sistema Interno de Informaci\u00f3n - Ampo\" \/>\n<meta property=\"og:description\" content=\"\u00bfQu\u00e9 es el Sistema Interno de Informaci\u00f3n? Es el sistema implantado por AMPO S.Coop. para recibir y gestionar posibles casos de comportamientos irregulares y no deseados. Saber m\u00e1s \u00bfC\u00f3mo informar? Disponemos de una plataforma web segura donde podr\u00e1 reportar su informaci\u00f3n de forma sencilla y confidencial y tambi\u00e9n, si lo desea, disponer de un \u00e1rea [&hellip;]\" \/>\n<meta property=\"og:url\" content=\"https:\/\/www.ampo.com\/es\/sistema-interno-de-informacion\/\" \/>\n<meta property=\"og:site_name\" content=\"Ampo\" \/>\n<meta property=\"article:modified_time\" content=\"2026-04-17T10:12:49+00:00\" \/>\n<meta name=\"twitter:card\" content=\"summary_large_image\" \/>\n<meta name=\"twitter:label1\" content=\"Tiempo de lectura\" \/>\n\t<meta name=\"twitter:data1\" content=\"1 minuto\" \/>\n<script type=\"application\/ld+json\" class=\"yoast-schema-graph\">{\"@context\":\"https:\/\/schema.org\",\"@graph\":[{\"@type\":\"WebPage\",\"@id\":\"https:\/\/www.ampo.com\/es\/sistema-interno-de-informacion\/\",\"url\":\"https:\/\/www.ampo.com\/es\/sistema-interno-de-informacion\/\",\"name\":\"Sistema Interno de Informaci\u00f3n - Ampo\",\"isPartOf\":{\"@id\":\"https:\/\/www.ampo.com\/#website\"},\"datePublished\":\"2024-05-14T08:31:23+00:00\",\"dateModified\":\"2026-04-17T10:12:49+00:00\",\"breadcrumb\":{\"@id\":\"https:\/\/www.ampo.com\/es\/sistema-interno-de-informacion\/#breadcrumb\"},\"inLanguage\":\"es\",\"potentialAction\":[{\"@type\":\"ReadAction\",\"target\":[\"https:\/\/www.ampo.com\/es\/sistema-interno-de-informacion\/\"]}]},{\"@type\":\"BreadcrumbList\",\"@id\":\"https:\/\/www.ampo.com\/es\/sistema-interno-de-informacion\/#breadcrumb\",\"itemListElement\":[{\"@type\":\"ListItem\",\"position\":1,\"name\":\"Portada\",\"item\":\"https:\/\/www.ampo.com\/es\/\"},{\"@type\":\"ListItem\",\"position\":2,\"name\":\"Sistema Interno de Informaci\u00f3n\"}]},{\"@type\":\"WebSite\",\"@id\":\"https:\/\/www.ampo.com\/#website\",\"url\":\"https:\/\/www.ampo.com\/\",\"name\":\"Ampo\",\"description\":\"\",\"publisher\":{\"@id\":\"https:\/\/www.ampo.com\/#organization\"},\"potentialAction\":[{\"@type\":\"SearchAction\",\"target\":{\"@type\":\"EntryPoint\",\"urlTemplate\":\"https:\/\/www.ampo.com\/?s={search_term_string}\"},\"query-input\":{\"@type\":\"PropertyValueSpecification\",\"valueRequired\":true,\"valueName\":\"search_term_string\"}}],\"inLanguage\":\"es\"},{\"@type\":\"Organization\",\"@id\":\"https:\/\/www.ampo.com\/#organization\",\"name\":\"Ampo\",\"url\":\"https:\/\/www.ampo.com\/\",\"logo\":{\"@type\":\"ImageObject\",\"inLanguage\":\"es\",\"@id\":\"https:\/\/www.ampo.com\/#\/schema\/logo\/image\/\",\"url\":\"https:\/\/www.ampo.com\/wp-content\/uploads\/2023\/07\/ampo-logo.png\",\"contentUrl\":\"https:\/\/www.ampo.com\/wp-content\/uploads\/2023\/07\/ampo-logo.png\",\"width\":642,\"height\":211,\"caption\":\"Ampo\"},\"image\":{\"@id\":\"https:\/\/www.ampo.com\/#\/schema\/logo\/image\/\"}}]}<\/script>\n<!-- \/ Yoast SEO plugin. -->","yoast_head_json":{"title":"Sistema Interno de Informaci\u00f3n - Ampo","robots":{"index":"index","follow":"follow","max-snippet":"max-snippet:-1","max-image-preview":"max-image-preview:large","max-video-preview":"max-video-preview:-1"},"canonical":"https:\/\/www.ampo.com\/es\/sistema-interno-de-informacion\/","og_locale":"es_ES","og_type":"article","og_title":"Sistema Interno de Informaci\u00f3n - Ampo","og_description":"\u00bfQu\u00e9 es el Sistema Interno de Informaci\u00f3n? Es el sistema implantado por AMPO S.Coop. para recibir y gestionar posibles casos de comportamientos irregulares y no deseados. Saber m\u00e1s \u00bfC\u00f3mo informar? Disponemos de una plataforma web segura donde podr\u00e1 reportar su informaci\u00f3n de forma sencilla y confidencial y tambi\u00e9n, si lo desea, disponer de un \u00e1rea [&hellip;]","og_url":"https:\/\/www.ampo.com\/es\/sistema-interno-de-informacion\/","og_site_name":"Ampo","article_modified_time":"2026-04-17T10:12:49+00:00","twitter_card":"summary_large_image","twitter_misc":{"Tiempo de lectura":"1 minuto"},"schema":{"@context":"https:\/\/schema.org","@graph":[{"@type":"WebPage","@id":"https:\/\/www.ampo.com\/es\/sistema-interno-de-informacion\/","url":"https:\/\/www.ampo.com\/es\/sistema-interno-de-informacion\/","name":"Sistema Interno de Informaci\u00f3n - Ampo","isPartOf":{"@id":"https:\/\/www.ampo.com\/#website"},"datePublished":"2024-05-14T08:31:23+00:00","dateModified":"2026-04-17T10:12:49+00:00","breadcrumb":{"@id":"https:\/\/www.ampo.com\/es\/sistema-interno-de-informacion\/#breadcrumb"},"inLanguage":"es","potentialAction":[{"@type":"ReadAction","target":["https:\/\/www.ampo.com\/es\/sistema-interno-de-informacion\/"]}]},{"@type":"BreadcrumbList","@id":"https:\/\/www.ampo.com\/es\/sistema-interno-de-informacion\/#breadcrumb","itemListElement":[{"@type":"ListItem","position":1,"name":"Portada","item":"https:\/\/www.ampo.com\/es\/"},{"@type":"ListItem","position":2,"name":"Sistema Interno de Informaci\u00f3n"}]},{"@type":"WebSite","@id":"https:\/\/www.ampo.com\/#website","url":"https:\/\/www.ampo.com\/","name":"Ampo","description":"","publisher":{"@id":"https:\/\/www.ampo.com\/#organization"},"potentialAction":[{"@type":"SearchAction","target":{"@type":"EntryPoint","urlTemplate":"https:\/\/www.ampo.com\/?s={search_term_string}"},"query-input":{"@type":"PropertyValueSpecification","valueRequired":true,"valueName":"search_term_string"}}],"inLanguage":"es"},{"@type":"Organization","@id":"https:\/\/www.ampo.com\/#organization","name":"Ampo","url":"https:\/\/www.ampo.com\/","logo":{"@type":"ImageObject","inLanguage":"es","@id":"https:\/\/www.ampo.com\/#\/schema\/logo\/image\/","url":"https:\/\/www.ampo.com\/wp-content\/uploads\/2023\/07\/ampo-logo.png","contentUrl":"https:\/\/www.ampo.com\/wp-content\/uploads\/2023\/07\/ampo-logo.png","width":642,"height":211,"caption":"Ampo"},"image":{"@id":"https:\/\/www.ampo.com\/#\/schema\/logo\/image\/"}}]}},"_links":{"self":[{"href":"https:\/\/www.ampo.com\/es\/wp-json\/wp\/v2\/pages\/15918","targetHints":{"allow":["GET"]}}],"collection":[{"href":"https:\/\/www.ampo.com\/es\/wp-json\/wp\/v2\/pages"}],"about":[{"href":"https:\/\/www.ampo.com\/es\/wp-json\/wp\/v2\/types\/page"}],"author":[{"embeddable":true,"href":"https:\/\/www.ampo.com\/es\/wp-json\/wp\/v2\/users\/1"}],"replies":[{"embeddable":true,"href":"https:\/\/www.ampo.com\/es\/wp-json\/wp\/v2\/comments?post=15918"}],"version-history":[{"count":7,"href":"https:\/\/www.ampo.com\/es\/wp-json\/wp\/v2\/pages\/15918\/revisions"}],"predecessor-version":[{"id":16974,"href":"https:\/\/www.ampo.com\/es\/wp-json\/wp\/v2\/pages\/15918\/revisions\/16974"}],"wp:attachment":[{"href":"https:\/\/www.ampo.com\/es\/wp-json\/wp\/v2\/media?parent=15918"}],"curies":[{"name":"wp","href":"https:\/\/api.w.org\/{rel}","templated":true}]}}